{"id":31221,"date":"2018-04-26T08:47:11","date_gmt":"2018-04-26T08:47:11","guid":{"rendered":"http:\/\/logankatz.com\/online-assistance\/"},"modified":"2019-04-09T19:05:22","modified_gmt":"2019-04-09T19:05:22","slug":"online-assistance","status":"publish","type":"page","link":"https:\/\/logankatz.com\/fr\/online-assistance\/","title":{"rendered":"Assistance \u00e0 distance"},"content":{"rendered":"<div class=\"wpb-content-wrapper\"><p>[vc_row][vc_column]<div class=\"clearboth\"><\/div><style>#thegem-divider-6a0093e39bf5c {margin-top: 110px !important;}<\/style><div id=\"thegem-divider-6a0093e39bf5c\" class=\"gem-divider  \" style=\"\" ><\/div>[\/vc_column][\/vc_row][vc_row css=&#8221;.vc_custom_1525873889478{background-image: url(http:\/\/logankatz.com\/wp-content\/uploads\/2018\/04\/arrow-grey.png?id=30926) !important;}&#8221; el_class=&#8221;fsize_changetoonefive rmvextaspace&#8221;][vc_column width=&#8221;5\/12&#8243; css=&#8221;.vc_custom_1525183776388{background-position: center !important;background-repeat: no-repeat !important;background-size: cover !important;}&#8221; el_class=&#8221;services_tailor&#8221;][vc_custom_heading text=&#8221;ASSISTANCE \u00c0 DISTANCE&#8221; font_container=&#8221;tag:h2|text_align:left|color:%23000000&#8243; google_fonts=&#8221;font_family:Montserrat%3Aregular%2C700|font_style:700%20bold%20regular%3A700%3Anormal&#8221; css=&#8221;.vc_custom_1554836706903{margin-bottom: 15px !important;}&#8221;][vc_separator color=&#8221;custom&#8221; align=&#8221;align_left&#8221; border_width=&#8221;2&#8243; accent_color=&#8221;#78081a&#8221; css=&#8221;.vc_custom_1525183786452{margin-bottom: 20px !important;}&#8221;][vc_column_text el_class=&#8221;para_setmax_width&#8221;]<\/p>\n<p class=\"textLayer\">Nous offrons maintenant le service d&#8217;assistance en ligne \u00ab\u00a0Assistance \u00e0 distance\u00a0\u00bb, qui permet \u00e0 nos employ\u00e9s d&#8217;assurer un soutien en ligne en temps r\u00e9el. Toute personne ayant acc\u00e8s \u00e0 un PC, un Mac ou tout autre appareil mobile peut acc\u00e9der \u00e0 ce soutien \u2013 le tout \u00e0 distance.<\/p>\n<p>[\/vc_column_text][\/vc_column][vc_column width=&#8221;7\/12&#8243; el_class=&#8221;fsize_changetoonefive&#8221;][vc_column_text]Vous avez besoin d&#8217;aide avec la tenue de vos comptes\u00a0? Vous ne savez pas comment remplir vos formulaires de d\u00e9claration de revenus ? Ne cherchez pas plus loin\u00a0! Avec \u00ab\u00a0Assistance \u00e0 distance\u00a0\u00bb, nous pouvons acc\u00e9der \u00e0 votre ordinateur ou \u00e0 votre appareil mobile (iPads et iPhones) et vous montrer comment faire du confort de votre maison.<\/p>\n<p><strong>Certaines des caract\u00e9ristiques principales de notre nouveau programme sont\u00a0:<\/strong><br \/>\n\u00bb le partage d&#8217;\u00e9cran bidirectionnel<br \/>\n\u00bb le transfert de fichiers<br \/>\n\u00bb l&#8217;enregistrement de s\u00e9ances<br \/>\n\u00bb des outils d&#8217;annotation<br \/>\n\u00bb et bien plus encore\u00a0!<\/p>\n<p>Votre comptable va vous envoyer un code et un lien URL pour que vous puissiez d\u00e9buter votre session Go To Assist. Ils vous guidera dans toutes les \u00e9tapes du processus pour que vous puissiez installer l\u2019extension ainsi qu&#8217;apr\u00e8s l\u2019installation, il pourra voir votre \u00e9cran et m\u00eame prendre contr\u00f4le de votre souris et clavier, au besoin. Contactez-nous pour d\u00e9buter votre session.<\/p>\n<p>[\/vc_column_text][\/vc_column][\/vc_row][vc_row full_width=&#8221;stretch_row_content_no_spaces&#8221; css=&#8221;.vc_custom_1525168142281{margin-top: 0px !important;margin-bottom: 0px !important;}&#8221;][vc_column css=&#8221;.vc_custom_1525168149359{margin-bottom: 0px !important;}&#8221;][vc_raw_html css=&#8221;.vc_custom_1525168154608{margin-bottom: 0px !important;}&#8221;]JTNDaW1nJTIwc3JjJTNEJTIyaHR0cCUzQSUyRiUyRjIwMi4xMjkuMTk2LjEzMyUyRmxvZ2Fua2F0eiUyRndwLWNvbnRlbnQlMkZ1cGxvYWRzJTJGMjAxOCUyRjA0JTJGY2xpZW50LWluc3BpcmVkLWJnLTEuanBnJTIyJTIwY2xhc3MlM0QlMjJmdWxsLXdpZHRoLWltYWdlJTIyJTNF[\/vc_raw_html][vc_column_text el_class=&#8221;client_inspired client_french&#8221; css=&#8221;.vc_custom_1525872887621{margin-top: 0px !important;margin-bottom: 0px !important;}&#8221;]INSPIR\u00c9S PAR NOS CLIENTS.[\/vc_column_text][\/vc_column][\/vc_row][vc_row full_width=&#8221;stretch_row_content_no_spaces&#8221; el_class=&#8221;leftbackground&#8221; css=&#8221;.vc_custom_1525199105239{background-image: url(http:\/\/logankatz.com\/wp-content\/uploads\/2018\/04\/services-slider-bg.png?id=30115) !important;background-position: center !important;background-repeat: no-repeat !important;background-size: cover !important;}&#8221;][vc_column][vc_btn title=&#8221;COMMEN\u00c7ONS.&#8221; style=&#8221;custom&#8221; custom_background=&#8221;&#8221; custom_text=&#8221;#ffffff&#8221; shape=&#8221;square&#8221; size=&#8221;lg&#8221; align=&#8221;center&#8221; i_align=&#8221;right&#8221; i_icon_fontawesome=&#8221;fa fa-chevron-right&#8221; add_icon=&#8221;true&#8221; link=&#8221;url:https%3A%2F%2Flogankatz.com%2Ffr%2Fcontact-us%2F%20|||&#8221; el_class=&#8221;btnlinknobg&#8221;][\/vc_column][\/vc_row]<\/p>\n<\/div>","protected":false},"excerpt":{"rendered":"<p>[vc_row][vc_column][\/vc_column][\/vc_row][vc_row css=&#8221;.vc_custom_1525873889478{background-image: url(http:\/\/logankatz.com\/wp-content\/uploads\/2018\/04\/arrow-grey.png?id=30926) !important;}&#8221; el_class=&#8221;fsize_changetoonefive rmvextaspace&#8221;][vc_column width=&#8221;5\/12&#8243; css=&#8221;.vc_custom_1525183776388{background-position: center !important;background-repeat: no-repeat !important;background-size: cover !important;}&#8221; el_class=&#8221;services_tailor&#8221;][vc_custom_heading text=&#8221;ASSISTANCE \u00c0 DISTANCE&#8221; font_container=&#8221;tag:h2|text_align:left|color:%23000000&#8243; google_fonts=&#8221;font_family:Montserrat%3Aregular%2C700|font_style:700%20bold%20regular%3A700%3Anormal&#8221;&#8230;<\/p>\n","protected":false},"author":2,"featured_media":0,"parent":0,"menu_order":0,"comment_status":"closed","ping_status":"closed","template":"","meta":{"footnotes":""},"class_list":["post-31221","page","type-page","status-publish"],"_links":{"self":[{"href":"https:\/\/logankatz.com\/fr\/wp-json\/wp\/v2\/pages\/31221","targetHints":{"allow":["GET"]}}],"collection":[{"href":"https:\/\/logankatz.com\/fr\/wp-json\/wp\/v2\/pages"}],"about":[{"href":"https:\/\/logankatz.com\/fr\/wp-json\/wp\/v2\/types\/page"}],"author":[{"embeddable":true,"href":"https:\/\/logankatz.com\/fr\/wp-json\/wp\/v2\/users\/2"}],"replies":[{"embeddable":true,"href":"https:\/\/logankatz.com\/fr\/wp-json\/wp\/v2\/comments?post=31221"}],"version-history":[{"count":0,"href":"https:\/\/logankatz.com\/fr\/wp-json\/wp\/v2\/pages\/31221\/revisions"}],"wp:attachment":[{"href":"https:\/\/logankatz.com\/fr\/wp-json\/wp\/v2\/media?parent=31221"}],"curies":[{"name":"wp","href":"https:\/\/api.w.org\/{rel}","templated":true}]}}